{"id":6,"date":"2014-02-20T08:32:06","date_gmt":"2014-02-20T14:32:06","guid":{"rendered":"http:\/\/resources.swirca.org\/es\/?page_id=6"},"modified":"2015-11-30T13:55:59","modified_gmt":"2015-11-30T19:55:59","slug":"acerca-de","status":"publish","type":"page","link":"https:\/\/resources.swirca.org\/es\/acerca-de\/","title":{"rendered":"Acerca de esta gu\u00eda"},"content":{"rendered":"<p>El desarrollo de la Gu\u00eda de Recursos para Adultos Mayores de Southwest Indiana es un esfuerzo colaborativo entre SWIRCA &amp; More y University of Southern Indiana\u2019s Center for Healthy Aging and Wellness. Este esfuerzo conjunto es posible gracias al apoyo de Centers for Disease Control and Prevention. Ademas de SWIRCA &amp; More y USI, muchos miembros de la comunidad y proveedores han dado su opini\u00f3n en el dise\u00f1o y creaci\u00f3n de este sitio web. Esta gu\u00eda de b\u00fasquedas en l\u00ednea ha sido desarrollada para adultos mayores, cuidadores, amigos, familiares y profesionales que trabajan con adultos mayores en el \u00e1rea de 8 condados de southwestern Indiana.<\/p>\n<p><em>SWIRCA &amp; More y USI son orgullosos afiliados del Healthy Communities Partnership of Southwest Indiana.<\/em><\/p>\n<p style=\"text-align: center;\"><a href=\"http:\/\/www.usi.edu\"><img loading=\"lazy\" decoding=\"async\" class=\"alignnone size-full wp-image-79\" src=\"https:\/\/resources.swirca.org\/es\/wp-content\/uploads\/usilogo.png\" alt=\"usilogo\" width=\"149\" height=\"150\" \/><\/a>\u00a0<a href=\"http:\/\/www.swirca.org\"><img loading=\"lazy\" decoding=\"async\" class=\"alignnone size-full wp-image-78\" src=\"https:\/\/resources.swirca.org\/es\/wp-content\/uploads\/swircalogo.png\" alt=\"swircalogo\" width=\"149\" height=\"150\" \/><\/a>\u00a0<a href=\"http:\/\/www.healthybyfive.org\"><img loading=\"lazy\" decoding=\"async\" class=\"alignnone size-full wp-image-64\" src=\"https:\/\/resources.swirca.org\/es\/wp-content\/uploads\/hcplogo.png\" alt=\"hcplogo\" width=\"149\" height=\"150\" \/><\/a><\/p>\n<h2 class=\"entry-title\">Acerca de SWIRCA &amp; More<\/h2>\n<p>SWIRCA &amp; More es una organizaci\u00f3n sin fines lucrativos realizando la misi\u00f3n de &#8220;Mejorar las Oportunidades para una Vida Independiente&#8221;. SWIRCA &amp; More enfatiza sus esfuerzos en alentar a individuos de todas las edades a continuar viviendo en la seguridad de sus hogares, proporcionando informaci\u00f3n y servicios de apoyo para adultos mayores, personas con discapacidad y sus cuidadores. Como una de las 700 agencias del \u00e1rea a escala nacional sobre envejecimiento, SWIRCA &amp; More no es una organizaci\u00f3n gubernamental, pero supervisa fondos federales y estatales, as\u00ed como tambi\u00e9n donaciones de la comunidad con el fin de proveer un mayor rango de servicios a personas en los condados de Gibson, Posey, Perry, Warrick, Spencer y Vanderburgh en Southern Indiana. Estos servicios incluyen:<\/p>\n<p>\u2022 Informaci\u00f3n y asistencia a traves del Centro de Recursos para el Envejecimiento y Discapacidad<br \/>\n\u2022 Servicios en casa de alta calidad, incluyendo servicios gratuitos y de bajo costo para personas que resulten elegibles<br \/>\n\u2022 Cenas a domicilio y cenas para reuniones<br \/>\n\u2022 Servicios de ayuda para cuidadores<br \/>\n\u2022 Servicios de transporte y T.R.I.P. vouchers<br \/>\n\u2022 Asesoramiento sobre opciones de cuidados a largo plazo<br \/>\n\u2022 Modificaciones en el hogar<br \/>\n\u2022 Proyeccion de pre-admision a casas de cuidado (pre-admission screening)<br \/>\n\u2022 Abogac\u00eda<br \/>\n\u2022 Ombudsman y servicios legales<br \/>\n\u2022 Actividades para centros de retiro, tales como: almuerzos, recreaciones, eventos especiales, educaci\u00f3n y promoci\u00f3n de la salud<br \/>\n\u2022 Actividades enfocadas en el bienestar fisico, tales como: Tai Chi, elasticidad y tonicidad, line dancing, programa de autocontrol de enfermedades cr\u00f3nicas y otras.<\/p>\n<h2 class=\"entry-title\">Acerca de USI y The Center for Healthy Aging and Wellness<\/h2>\n<p>Fundada en 1965, la Universidad de Southern Indiana registra cerca de 10,000 estudiantes entre graduados y no graduados en 80 carreras de licenciatura, 10 programas de maestr\u00eda y un programa de doctorado. El campus de esta respetable universidad p\u00fablica est\u00e1 en 1,400 acres a las afueras de Evansville al suroeste de Indiana. USI ademas sirve a mas de 15,000 personas anualmente a continuar con materias educativas, talleres sin acreditaci\u00f3n, conferencias y seminarios.<\/p>\n<p>The College of Nursing and Health Professions (CNHP) es una de nuestras cuatro facultades acad\u00e9micas en USI. El programa de la facultad prepara a los estudiantes con habilidades cl\u00ednicas, conocimiento acad\u00e9mico y los valores profesionales necesarios para proporcionar servicios de salud de calidad. \u00a0La facultad ofrece 13 programas diferentes, incluyendo tres associate degrees, siete titulos de bachillerato y 3 maestrias, as\u00ed como tambi\u00e9n el \u00fanico programa de doctorado ofrecido en el campus de la USI, el doctorado en pr\u00e1cticas de enfermer\u00eda.<\/p>\n<p>The Center for Healthy Aging and Wellness est\u00e1 alojado en el College of Nursing and Health Professions y est\u00e1 dedicado a mejorar el entendimiento acerca de la vejez y promover el bienestar de los adultos mayores a trav\u00e9s de educacion interdisciplinaria, investigaci\u00f3n y dedicaci\u00f3n colectiva.<\/p>\n<h2 class=\"entry-title\">Acerca de Generations<\/h2>\n<p>Generations se remonta a 1975 cuando el estado de Indiana le pidi\u00f3 a Vincennes University alojar al Area 13 Agency on Aging. En el pasar de los a\u00f1os, el Area 13 Agency on Aging ha cambiado su nombre dos veces. En 1987 fue conocida como la Older Hoosiers Program con el fin de adoptar un nombre m\u00e1s familiar para el publico objetivo. Diez a\u00f1os despu\u00e9s, se tom\u00f3 el nombre Generations en un esfuerzo para hacer llegar el mensaje de que la agencia sirve como una ayuda para gente de todas las edades. Generations cree que la fuerza de nuestra organizaci\u00f3n est\u00e1 en nuestra historia. Generations atiende al suroeste de Indiana en los condados de Davies, Dubois, Greene, Knox, Martin y Pike.<\/p>\n","protected":false},"excerpt":{"rendered":"<p>El desarrollo de la Gu\u00eda de Recursos para Adultos Mayores de Southwest Indiana es un esfuerzo colaborativo entre SWIRCA &amp; More y University of Southern Indiana\u2019s Center for Healthy Aging and Wellness. Este esfuerzo conjunto es posible gracias al apoyo de Centers for Disease Control and Prevention. Ademas de SWIRCA &amp; More y USI, muchos [&hellip;]<\/p>\n","protected":false},"author":1,"featured_media":0,"parent":0,"menu_order":0,"comment_status":"closed","ping_status":"closed","template":"","meta":{"footnotes":""},"class_list":["post-6","page","type-page","status-publish","hentry"],"_links":{"self":[{"href":"https:\/\/resources.swirca.org\/es\/wp-json\/wp\/v2\/pages\/6","targetHints":{"allow":["GET"]}}],"collection":[{"href":"https:\/\/resources.swirca.org\/es\/wp-json\/wp\/v2\/pages"}],"about":[{"href":"https:\/\/resources.swirca.org\/es\/wp-json\/wp\/v2\/types\/page"}],"author":[{"embeddable":true,"href":"https:\/\/resources.swirca.org\/es\/wp-json\/wp\/v2\/users\/1"}],"replies":[{"embeddable":true,"href":"https:\/\/resources.swirca.org\/es\/wp-json\/wp\/v2\/comments?post=6"}],"version-history":[{"count":2,"href":"https:\/\/resources.swirca.org\/es\/wp-json\/wp\/v2\/pages\/6\/revisions"}],"predecessor-version":[{"id":112,"href":"https:\/\/resources.swirca.org\/es\/wp-json\/wp\/v2\/pages\/6\/revisions\/112"}],"wp:attachment":[{"href":"https:\/\/resources.swirca.org\/es\/wp-json\/wp\/v2\/media?parent=6"}],"curies":[{"name":"wp","href":"https:\/\/api.w.org\/{rel}","templated":true}]}}