{"id":16,"date":"2014-02-20T08:33:44","date_gmt":"2014-02-20T14:33:44","guid":{"rendered":"http:\/\/resources.swirca.org\/es\/?page_id=16"},"modified":"2014-06-23T13:40:36","modified_gmt":"2014-06-23T18:40:36","slug":"instrucciones","status":"publish","type":"page","link":"https:\/\/resources.swirca.org\/es\/instrucciones\/","title":{"rendered":"Instrucciones"},"content":{"rendered":"<p><iframe loading=\"lazy\" title=\"C\u00f3mo utilizar la Gu\u00eda de Recursos para Personas Mayores en l\u00ednea de Southwest Indiana\" width=\"640\" height=\"360\" src=\"https:\/\/www.youtube.com\/embed\/cRrR5Gn7C-U?feature=oembed\" frameborder=\"0\" allow=\"accelerometer; autoplay; clipboard-write; encrypted-media; gyroscope; picture-in-picture; web-share\" referrerpolicy=\"strict-origin-when-cross-origin\" allowfullscreen><\/iframe><\/p>\n<p><strong>Introducci\u00f3n:<\/strong><\/p>\n<p>Bienvenidos, estoy muy feliz por su inter\u00e9s en aprender a usar la Guia Online de Recursos para Adultos Mayores de Southwest Indiana. Hemos creado una guia de recursos en l\u00ednea especificamente para adultos mayores, cuidadores, familiares y profesionales. Este proyecto es un orgulloso afiliado del Healthy Communities Partnership of Southwest Indiana, fundado a trav\u00e9s del Centers for Disease Control and Prevention. Los condados inclu\u00eddos en esta gu\u00eda de recursos son Dubois, Gibson, Perry, Pike, Posey, Spencer, Vanderburgh y Warrick. Esta gu\u00eda es tra\u00edda a ustedes a trav\u00e9s de University of Southern Indianay SWIRCA &amp; More.<\/p>\n<p><strong>Qu\u00e9 ofrecemos:<\/strong><\/p>\n<p>Dentro de nuestra gu\u00eda de recursos, est\u00e1n inclu\u00eddas 31 categorias diferentes las cuales le proporcionar\u00e1n de la mejor calidad de cuidados.<\/p>\n<p>&#8211; Abuso y Negligencia<br \/>\n&#8211; Casas de Cuidado para Adultos<br \/>\n&#8211; Vida Asistida<br \/>\n&#8211; Servicios para Personas con Ceguera o Hipoacusia<br \/>\n&#8211; Consejos y Agencias Sobre Envejecimiento<br \/>\n&#8211; Asesoramiento y Salud Mental<br \/>\n&#8211; Equipo M\u00e9dico Duradero y Suministros para la Salud<br \/>\n&#8211; Despensas de comida<br \/>\n&#8211; Atenci\u00f3n domiciliaria (M\u00e9dica\/No m\u00e9dica)<br \/>\n&#8211; Comidas a domicilio<br \/>\n&#8211; Seguridad del Hogar y Monitoreo M\u00e9dico<br \/>\n&#8211; Hospicios<br \/>\n&#8211; Hospitales<br \/>\n&#8211; Vida Independiente<br \/>\n&#8211; Servicios Legales<br \/>\n&#8211; Comedores<br \/>\n&#8211; Asistencia M\u00e9dica y Dental (sin aseguranza)<br \/>\n&#8211; Medicare y Medicaid<br \/>\n&#8211; Instalaciones de Enfermer\u00eda<br \/>\n&#8211; Rehabilitacion de Pacientes Ambulatorios<br \/>\n&#8211; Farmacias con Servicio a Domicilio<br \/>\n&#8211; Prescripciones y Asistencia Financiera<br \/>\n&#8211; Casas de Retiro<br \/>\n&#8211; Deshabituaci\u00f3n Tab\u00e1quica<br \/>\n&#8211; Social Security y Divisi\u00f3n de Recursos Familiares<br \/>\n&#8211; Abuso de Sustancias<br \/>\n&#8211; Grupos de Apoyo<br \/>\n&#8211; Transporte<br \/>\n&#8211; Servicios para Veteranos<br \/>\n&#8211; Oportunidades de Voluntariado<br \/>\n&#8211; Programas para el Bienestar<\/p>\n<p><strong>Instrucciones:<\/strong><\/p>\n<p>En la primera p\u00e1gina ver\u00e1n un cuadro verde con la palabra &#8220;Empezar&#8221; en \u00e9l; procedan a hacer click en ese bot\u00f3n. Una vez hecho, una nueva pagina aparecer\u00e1 y es aqu\u00ed donde seleccionar\u00e1 para qui\u00e9n est\u00e1 buscando la guia; &#8220;usted mismo, familiar\/amigo o paciente\/cliente.&#8221; Despu\u00e9s de decidir que opci\u00f3n se adapta mejor a usted, haga click en el bot\u00f3n verde. Por favor tenga en cuenta que sin importar cual fue su respuesta en la pregunta anterior, sus resultados no se ver\u00e1n afectados; esto simplemente le permite saber a nuestro equipo web qui\u00e9n esta buscando por estos recursos. Para los pr\u00f3positos de este ejemplo, haremos click en &#8220;Usted mismo.&#8221; Esta elecci\u00f3n nos proporcionar\u00e1 con las siguientes opciones: &#8220;Menor de 60,&#8221; o &#8220;Mayor de 60.&#8221; En este caso seleccionaremos &#8220;Menor de 60.&#8221; A continuaci\u00f3n, usted seleccionar\u00e1 la categoria que mejor se ajuste a sus necesidades y\/o seleccionar\u00e1 una ubicacion en la cual busca por dichos servicios. Llegados a este punto, seleccionaremos una ubicaci\u00f3n y una categoria en los cuadros de lista desplegables. Procedamos a seleccionar el condado de Vanderburgh como nuestra ubicaci\u00f3n y seleccionemos &#8220;Oportunidades de Voluntariado&#8221; para nuestro servicio. Seguidamente, usted deber\u00e1 hacer click en el bot\u00f3n &#8220;Obtener Resultados.&#8221; Se abrir\u00e1 una nueva p\u00e1gina con la lista de oportunidades de voluntariado en el condado de Vanderburgh. Las oportunidades de voluntariado son excelentes para grupos de todas las edades. Est\u00e1 buscando por un lugar donde hacer voluntariado despu\u00e9s de jubilarse o tiene el deseo de hacer algo por su comunidad? Encuentre una oportunidad de voluntariado cerca de usted. Como puede ver, en la lista hay varias oportunidades de voluntariados de las cuales puede elegir. Yo soy un alumno de la USI buscando oportunidades de voluntariado, as\u00ed que har\u00e9 click en la opci\u00f3n &#8220;Univeristy of Southern Indiana.&#8221; Una pagina se abrir\u00e1 con informacion de contacto, qu\u00e9 es lo que hace esta organizaci\u00f3n, requisitos de elegibilidad, las \u00e1reas en las que trabajan y mucho m\u00e1s!<\/p>\n<p><strong>Tratemos de nuevo:<\/strong><\/p>\n<p>En la primera p\u00e1gina ver\u00e1n un cuadro verde con la palabra &#8220;Empezar&#8221; en \u00e9l; procedan a hacer clic en ese bot\u00f3n. Una vez hecho, una nueva pagina aparecer\u00e1 y es aqu\u00ed donde seleccionar\u00e1 para qui\u00e9n est\u00e1 buscando la gu\u00eda; &#8220;usted, familiar\/amigo o paciente\/cliente.&#8221; Despu\u00e9s de decidir que opci\u00f3n se adapta mejor a usted, haga clic en el bot\u00f3n verde. Por favor tenga en cuenta que sin importar cual fue su respuesta en la pregunta anterior, sus resultados no se ver\u00e1n afectados; esto simplemente le permite saber a nuestro equipo web qui\u00e9n esta buscando por estos recursos. En esta ocasi\u00f3n haremos clic en \u201cFamiliar\/Amigo.\u201d A continuaci\u00f3n, usted seleccionar\u00e1 una categor\u00eda y\/o seleccionar\u00e1 una ubicaci\u00f3n en la cual busca por dichos servicios. Una vez aqu\u00ed, seleccionaremos nuestra ubicaci\u00f3n y categor\u00eda en los cuadros de lista desplegables. Procedamos a seleccionar los condados de Dubois y Perry como nuestra ubicaci\u00f3n y seleccionemos &#8220;Vida Asistida&#8221; y &#8220;Vida Independiente&#8221; en categor\u00edas. Seguidamente, usted deber\u00e1 hacer clic en el bot\u00f3n &#8220;Obtener Resultados.&#8221; Una nueva pagina aparecer\u00e1 con la lista de agencias de &#8220;Vida Asistida&#8221; y &#8220;Vida Independiente&#8221; en los condados de Dubois y Perry. En esta oportunidad, yo he elegido Northwood Retirement Community porque esta instituci\u00f3n ofrece agencias de Vida Asistida y Vida Independiente en el \u00e1rea del condado de Dubois. Se abrir\u00e1 una p\u00e1gina con la informaci\u00f3n de contacto, qu\u00e9 es lo que hace esta organizaci\u00f3n, requisitos de elegibilidad, las \u00e1reas en las que trabajan y mucho mas.<\/p>\n<p><strong>Si en alg\u00fan momento usted experimenta problemas al usar nuestro sitio web, si\u00e9ntase libre en contactarnos.<\/strong> En la parte de arriba de cada pesta\u00f1a, usted podr\u00e1 encontrar informacion sobre qui\u00e9nes somos, c\u00f3mo ponerse en contacto con nosotros, descripciones detalladas de cada categor\u00eda y el Rinc\u00f3n del cuidador, donde los cuidadores podr\u00e1n compartir informaci\u00f3n relacionada al envejecimiento y sus cuidados. <strong>Tambi\u00e9n podr\u00e1 aprender m\u00e1s sobre nuestro sitio web a trav\u00e9s de nuestras cuentas en las redes sociales de: Facebook, Twitter, YouTube y Pinterest.<\/strong><\/p>\n","protected":false},"excerpt":{"rendered":"<p>Introducci\u00f3n: Bienvenidos, estoy muy feliz por su inter\u00e9s en aprender a usar la Guia Online de Recursos para Adultos Mayores de Southwest Indiana. Hemos creado una guia de recursos en l\u00ednea especificamente para adultos mayores, cuidadores, familiares y profesionales. Este proyecto es un orgulloso afiliado del Healthy Communities Partnership of Southwest Indiana, fundado a trav\u00e9s [&hellip;]<\/p>\n","protected":false},"author":1,"featured_media":0,"parent":0,"menu_order":0,"comment_status":"closed","ping_status":"closed","template":"","meta":{"footnotes":""},"class_list":["post-16","page","type-page","status-publish","hentry"],"_links":{"self":[{"href":"https:\/\/resources.swirca.org\/es\/wp-json\/wp\/v2\/pages\/16","targetHints":{"allow":["GET"]}}],"collection":[{"href":"https:\/\/resources.swirca.org\/es\/wp-json\/wp\/v2\/pages"}],"about":[{"href":"https:\/\/resources.swirca.org\/es\/wp-json\/wp\/v2\/types\/page"}],"author":[{"embeddable":true,"href":"https:\/\/resources.swirca.org\/es\/wp-json\/wp\/v2\/users\/1"}],"replies":[{"embeddable":true,"href":"https:\/\/resources.swirca.org\/es\/wp-json\/wp\/v2\/comments?post=16"}],"version-history":[{"count":0,"href":"https:\/\/resources.swirca.org\/es\/wp-json\/wp\/v2\/pages\/16\/revisions"}],"wp:attachment":[{"href":"https:\/\/resources.swirca.org\/es\/wp-json\/wp\/v2\/media?parent=16"}],"curies":[{"name":"wp","href":"https:\/\/api.w.org\/{rel}","templated":true}]}}