{"id":10,"date":"2014-02-20T08:32:46","date_gmt":"2014-02-20T14:32:46","guid":{"rendered":"http:\/\/resources.swirca.org\/es\/?page_id=10"},"modified":"2014-06-03T16:02:55","modified_gmt":"2014-06-03T21:02:55","slug":"categorias","status":"publish","type":"page","link":"https:\/\/resources.swirca.org\/es\/categorias\/","title":{"rendered":"Categor\u00edas"},"content":{"rendered":"<p><strong>Casas de Cuidado para Adultos:<\/strong> Organizadas, comprensivas y comunitarias; estos lugares est\u00e1n dise\u00f1ados para cumplir con las necesidades de adultos discapacitados en un ambiente seguro. Algunas de estas instituciones ofrecen una amplia gama de actividades terap\u00e9uticas y rehabilitativas, asi como tambi\u00e9n actividades sociales, comidas y transporte. Tambi\u00e9n existen programas especializados para individuos con Alzheimer o trastornos similares.<\/p>\n<p><strong>Vida Asistida:<\/strong> Vida residencial que proporciona comidas, limpieza, transporte, socializaci\u00e1n, cuidado individual personalizado y servicios de salud para personas que requieren asistencia con actividades cotidianas, pero no al nivel ofrecido por una instituci\u00f3n de enfermeria. El nivel de cuidado y servicios var\u00eda por instituci\u00f3n, pero un sitio de atenci\u00f3n del personal est\u00e1 disponible las 24 horas del d\u00eda.<\/p>\n<p><strong>Servicios para Personas con Ceguera o Hipoacusia:<\/strong> Recursos para aquellos que viven con discapacidad visual o auditiva; los cuales incluyen centros de pruebas, centros de recursos y suministros especializados.<\/p>\n<p><strong>Concejos y Agencias Sobre Envejecimiento (Agencies on Aging):<\/strong> \u00a0Una red a nivel nacional de agencias locales y estatales, las cuales ayudan a personas mayores en la planificaci\u00f3n y cuidado de sus necesidades de vida. Los servicios incluyen informaci\u00f3n y referencia para servicios en casa, asesoramiento, servicios legales, casas de cuidado para adultos, cuidados\/terapias por enfermeras capacitadas, cuidado personal, transporte, cuidado respiratorio, nutrici\u00f3n y comidas.<\/p>\n<p><strong>Divisi\u00f3n de Recursos para Familias:<\/strong> Listados para la Division of Family Resources (DFR)<\/p>\n<p><strong>Despensas de Comida:<\/strong> Organizaciones de caridad, t\u00edpicamente sin fines lucrativos, que distribuyen comida a aquellos con complicaciones para obtener suficiente como para no pasar hambre. Muchas despensas de comida tienen un l\u00edmite de uso y no sirven como una fuente permanente de alimentos.<\/p>\n<p><strong>Suministros para la Salud y Equipo M\u00e9dico Duradero:<\/strong> Suministros para el cuidado en casa y equipo m\u00e9dico, el cual es usualmente ordenado por un doctor para el uso en el hogar; tales como caminadoras, sillas de ruedas y camas de hospital.<\/p>\n<p><strong>Atenci\u00f3n Domiciliaria (M\u00e9dica\/No M\u00e9dica):<\/strong> La atenci\u00f3n domiciliaria abarca una gran variedad de servicios en el hogar, los cuales incluyen: cuidados de enfermera a tiempo parcial, cuidado personal, ayuda con tareas cotidianas (limpiar, cocinar, lavar, etc.), terapias (f\u00edsica, ocupacional y del habla), o simplemente alguien que le visite y con quien hablar.<\/p>\n<p><strong>Comida a Domicilio:<\/strong> Agencias que proporcionan comidas baratas, calientes y nutritivas para adultos mayores y personas con incapacidad, permitiendo que individuos de delicado estado de salud permanezcan en sus hogares. Existen otras compa\u00f1\u00edas en l\u00ednea, pero pueden ser costosas y la asistencia financiera generalmente no es aceptada en estos sitios.<\/p>\n<p><strong>Seguridad del Hogar y Monitoreo M\u00e9dico:<\/strong> Incluye servicios para hacer m\u00e1s segura la vida independiente; incluye monitoreos de medicaci\u00f3n, prevenci\u00f3n del deambular, modificaciones al hogar, telesalud y botones de alerta para emergencias.<\/p>\n<p><strong>Hospicios:<\/strong> Cuidados provistos para personas en estado terminal y sus familias durante las ultimas etapas de sus vidas. Estos incluyen: cuidado f\u00edsico, asesoramiento y servicios de apoyo (emocional, social y espiritual). El cuidado es usualmente enfocado en la comodidad y calidad de vida mas que en una cura. Los programas de hospicio normalmente emplean un enfoque grupal, de los cuales forman parte enfermeras, doctores, trabajadores sociales y cl\u00e9rigo.<\/p>\n<p><strong>Hospitales:<\/strong> Instituciones del cuidado de la salud que proveen una variedad de cuidados m\u00e9dicos especializados y cuidados de emergencia por un equipo capacitado 24\/7.<\/p>\n<p><strong>Vida Independiente:<\/strong> Para adultos que desean vivir por su cuenta, pero no quieren lidiar con las tareas que conlleva tener una casa. Hay muchas comunidades espec\u00edficamente para adultos mayores, pero tambi\u00e9n hay otras opciones de bajo costo que sirven a todas las edades. Servicios, actividades y costo var\u00eda por instituci\u00f3n. Llame al centro de recursos de su Agencia del \u00c1rea sobre Envejecimiento (Agency on Aging) o autoridad de vivienda local para m\u00e1s informaci\u00f3n acerca de opciones de viviendas p\u00fablicas, asequibles o privadas.<\/p>\n<p><strong>Servicios Legales:<\/strong> Asistencia legal proporcionada por un individuo o una organizaci\u00f3n capacitada. Algunas agencias proveen servicios de bajo y cero costo para aquellos sin la posibilidad de contratar a un abogado. Todos los abogados inclu\u00eddos en esta categor\u00eda son Abogados Certificados en Derechos del Adulto Mayor a trav\u00e9s de la National Elder Law Foundation.<\/p>\n<p><strong>Asistencia M\u00e9dica y Dental:<\/strong> Servicios m\u00e9dicos y dentales para personas no aseguradas. Algunas instituciones ofrecen una escala de precios flexibles o servicios sin costo alguno por una sola ocasi\u00f3n para aquellos que demuestren tener necesidad econ\u00f3mica.<\/p>\n<p><strong>Medicare y Medicaid:<\/strong> Medicare es un programa federal de aseguranza que provee atencion en hospitales y cuidados medicos para personas de 65 anos o mas, o personas con un delicado estado de salud o discapacitadas. Medicaid es un programa federal\/estatal de aseguranza que paga por el cuidado de la salud de personas y familias de bajos ingresos economicos o facturas medicas muy altas con relacion a sus ingresos y bienes. Tambi\u00e9n se ofrecen lugares del State Health Insurance Assistance Program (SHIP).<\/p>\n<p><strong>Instalaciones de Enfermer\u00eda:<\/strong> Las casas de enfermer\u00eda ofrecen cuidados las veinticuatro horas del d\u00eda si alguien es incapaz de vivir por su cuenta, o si necesita recuperarse despu\u00e9s de haber tenido una enfermedad u operaci\u00f3n. La mayor\u00eda de las casas ofrecen cuidados a corto plazo y largo plazo porporcionados por una enfermera capacitada; incluyendo rehabilitaci\u00f3n, procedimientos m\u00e9dicos y de cuidado dependiendo de las necesidades de la persona.<\/p>\n<p><strong>Ombudsman y Abuso\/Negligencia:<\/strong> Aboga por residentes de largo plazo en casas de retiro, proporcionando informaci\u00f3n relacionada a la colocaci\u00f3n a largo plazo de los residentes en las casas de retiro, preocupaciones, servicios, derechos de los residentes y otros temas pertinentes. Esta categoria tambi\u00e9n contiene recursos para ayudar a adultos mayores que sufrieron transgresiones , como abuso f\u00edsico, abuso sexual, abuso psicol\u00f3gico o emocional, explotaci\u00f3n financiera, negligencia y auto negligencia. Para emergencias, llamar inmediatamente al 911.<\/p>\n<p><strong>Rehabilitaci\u00f3n de Pacientes Ambulatorios:<\/strong> \u00a0Esta categoria es para instituciones que ofrecen rehabilitaci\u00f3n y diferentes tipos de terapia. La mayor\u00eda de nuestros proveedores se especializan en rehabilitaci\u00f3n de pacientes ambulatorios.<\/p>\n<p><strong>Farmacias con Servicio a Domicilio:<\/strong> Farmacias que ofrecen entrega a domicilio de prescripciones.<\/p>\n<p><strong>Prescripciones y Asistencia Financiera:<\/strong> Proporciona asesoramiento y alivio para personas de bajos recursos en busca de asistencia. Los servicios ofrecidos var\u00edan enormemente por organizaci\u00f3n. Tambi\u00e9n est\u00e1 inclu\u00edda la asistencia para aquellos que no puedan pagar por medicaciones. Consulta siempre con el fabricante tus medicaciones por programas de asistencia al paciente ofrecidos a trav\u00e9s de la compa\u00f1\u00eda.<\/p>\n<p><strong>Casas de Retiro:<\/strong> Un lugar donde adultos mayores pueden reunirse para actividades sociales, nutrici\u00f3n, eventos educacionales, y\/o oportunidades recreacionales.<\/p>\n<p><strong>Social Security:<\/strong> Listados para el Social Security Administration (SSA)<\/p>\n<p><strong>Abuso de Sustancias:<\/strong> Recursos para personas que est\u00e1n luchando contra sus propias adicciones o las de un miembros de su familia.<\/p>\n<p><strong>Grupos de Apoyo:<\/strong> Los grupos de apoyo ofrecen varios tipos de ayuda, usualmente no profesionales y no materiales, para una situacion com\u00fan o aflicci\u00f3n. Un grupo de ayuda tambi\u00e9n puede trabajar para informar al publico o comprometerse en defender.<\/p>\n<p><strong>Transporte:<\/strong> Proveedores que ofrecen asistencia llevando y trayendo gente desde centros comerciales, citas m\u00e9dicas, centros de jubilados u otros lugares.<\/p>\n<p><strong>Servicios para Veteranos:<\/strong> Esta categoria incluye agencias u organizaciones que est\u00e1n espec\u00edficamente dise\u00f1adas para ayudar a veteranos de guerra y a sus familas.<\/p>\n<p><strong>Oportunidades de Voluntariado:<\/strong> El voluntariado es una actividad alturista cuya intenci\u00f3n es promover el bien y mejorar la calidad de vida. \u00c9sta puede promover sentimientos de autoestima y respeto, asi como tambi\u00e9n ofrecer el desarrollo de habilidades, socializaci\u00f3n y diversi\u00f3n.<\/p>\n<p><strong>Programas para el Bienestar:<\/strong> Programas para adultos mayores basados en evidencia respaldada por una organizaci\u00f3n nacional u hospital. Consulte su centro para adultos mayores o iglesia local por programas adicionales.<\/p>\n","protected":false},"excerpt":{"rendered":"<p>Casas de Cuidado para Adultos: Organizadas, comprensivas y comunitarias; estos lugares est\u00e1n dise\u00f1ados para cumplir con las necesidades de adultos discapacitados en un ambiente seguro. Algunas de estas instituciones ofrecen una amplia gama de actividades terap\u00e9uticas y rehabilitativas, asi como tambi\u00e9n actividades sociales, comidas y transporte. Tambi\u00e9n existen programas especializados para individuos con Alzheimer o [&hellip;]<\/p>\n","protected":false},"author":1,"featured_media":0,"parent":0,"menu_order":0,"comment_status":"closed","ping_status":"closed","template":"","meta":{"footnotes":""},"class_list":["post-10","page","type-page","status-publish","hentry"],"_links":{"self":[{"href":"https:\/\/resources.swirca.org\/es\/wp-json\/wp\/v2\/pages\/10","targetHints":{"allow":["GET"]}}],"collection":[{"href":"https:\/\/resources.swirca.org\/es\/wp-json\/wp\/v2\/pages"}],"about":[{"href":"https:\/\/resources.swirca.org\/es\/wp-json\/wp\/v2\/types\/page"}],"author":[{"embeddable":true,"href":"https:\/\/resources.swirca.org\/es\/wp-json\/wp\/v2\/users\/1"}],"replies":[{"embeddable":true,"href":"https:\/\/resources.swirca.org\/es\/wp-json\/wp\/v2\/comments?post=10"}],"version-history":[{"count":0,"href":"https:\/\/resources.swirca.org\/es\/wp-json\/wp\/v2\/pages\/10\/revisions"}],"wp:attachment":[{"href":"https:\/\/resources.swirca.org\/es\/wp-json\/wp\/v2\/media?parent=10"}],"curies":[{"name":"wp","href":"https:\/\/api.w.org\/{rel}","templated":true}]}}